{"id":12464,"date":"2020-07-06T15:35:57","date_gmt":"2020-07-06T15:35:57","guid":{"rendered":"https:\/\/demo1.mycartheme.com\/?page_id=12464"},"modified":"2025-05-19T16:37:27","modified_gmt":"2025-05-19T16:37:27","slug":"calculadora-de-prestamos","status":"publish","type":"page","link":"https:\/\/montillamotors.com\/en\/calculadora-de-prestamos\/","title":{"rendered":"Loan Calculator"},"content":{"rendered":"<div data-elementor-type=\"wp-page\" data-elementor-id=\"12464\" class=\"elementor elementor-12464\">\n\t\t\t\t\t\t<section class=\"elementor-section elementor-top-section elementor-element elementor-element-be4c023 elementor-section-boxed elementor-section-height-default elementor-section-height-default wpr-particle-no wpr-jarallax-no wpr-parallax-no wpr-sticky-section-no\" data-id=\"be4c023\" data-element_type=\"section\">\n\t\t\t\t\t\t<div class=\"elementor-container elementor-column-gap-default\">\n\t\t\t\t\t<div class=\"elementor-column elementor-col-100 elementor-top-column elementor-element elementor-element-ff5ae5e\" data-id=\"ff5ae5e\" data-element_type=\"column\">\n\t\t\t<div class=\"elementor-widget-wrap elementor-element-populated\">\n\t\t\t\t\t\t<div class=\"elementor-element elementor-element-b2fdcac elementor-widget elementor-widget-spacer\" data-id=\"b2fdcac\" data-element_type=\"widget\" data-widget_type=\"spacer.default\">\n\t\t\t\t<div class=\"elementor-widget-container\">\n\t\t\t\t\t\t\t<div class=\"elementor-spacer\">\n\t\t\t<div class=\"elementor-spacer-inner\"><\/div>\n\t\t<\/div>\n\t\t\t\t\t\t<\/div>\n\t\t\t\t<\/div>\n\t\t\t\t<div class=\"elementor-element elementor-element-459e4e0 elementor-widget elementor-widget-vehica_loan_calculator_general_widget\" data-id=\"459e4e0\" data-element_type=\"widget\" data-widget_type=\"vehica_loan_calculator_general_widget.default\">\n\t\t\t\t<div class=\"elementor-widget-container\">\n\t\t\t\t\t<div class=\"vehica-app\">\n    <vehica-loan-calculator\n            widget-id=\"459e4e0\"\n            decimal-separator=\".\"\n            thousands-separator=\",\"\n            :price-decimal-places=\"0\"\n            price-decimal-separator=\"\"\n            price-thousands-separator=\",\"\n            :round-to-integer=\"false\"\n    >\n        <div slot-scope=\"props\" class=\"vehica-loan-calculator\">\n            <div class=\"vehica-loan-calculator__title\">\n                Loan Calculator            <\/div>\n\n                            <div class=\"vehica-loan-calculator__subtitle\">\n                    <p>Use our <strong data-start=\"272\" data-end=\"300\">loan calculator<\/strong> to quickly estimate your monthly payment based on the vehicle&#039;s value, term, and interest rate.<\/p>                <\/div>\n            \n            <form @submit.prevent=\"props.onCalculate\" action=\"\">\n                <div class=\"vehica-loan-calculator__fields\">\n                    <div class=\"vehica-loan-calculator__fields__inner\">\n                        <div class=\"vehica-loan-calculator__field-wrapper\">\n                            <h4>\n                                Price                                <span class=\"vehica-text-primary\">*<\/span>\n                            <\/h4>\n\n                            <div class=\"vehica-loan-calculator__field\">\n                                <div class=\"vehica-loan-calculator__sign\">\n                                    <i class=\"fas fa-tag\"><\/i>\n                                <\/div>\n\n                                <input\n                                        id=\"vehica-459e4e0-loan-calculator__price\"\n                                        type=\"text\"\n                                                                    >\n                            <\/div>\n                        <\/div>\n\n                        <div class=\"vehica-loan-calculator__field-wrapper\">\n                            <h4>\n                                Interest rate                                <span class=\"vehica-text-primary\">*<\/span>\n                            <\/h4>\n\n                            <div class=\"vehica-loan-calculator__field\">\n                                <div class=\"vehica-loan-calculator__sign\">\n                                    %                                <\/div>\n\n                                <input\n                                        id=\"vehica-459e4e0-loan-calculator__rate\"\n                                        type=\"text\"\n                                        value=\"5\"\n                                >\n                            <\/div>\n                        <\/div>\n\n                        <div class=\"vehica-loan-calculator__field-wrapper\">\n                            <h4>Period (months)                                <span class=\"vehica-text-primary\">*<\/span>\n                            <\/h4>\n\n                            <div class=\"vehica-loan-calculator__field\">\n                                <div class=\"vehica-loan-calculator__sign\">\n                                    <i class=\"far fa-calendar-alt\"><\/i>\n                                <\/div>\n\n                                <input\n                                        id=\"vehica-459e4e0-loan-calculator__months\"\n                                        type=\"text\"\n                                        value=\"36\"\n                                >\n                            <\/div>\n                        <\/div>\n\n                        <div class=\"vehica-loan-calculator__field-wrapper\">\n                            <h4>Deposit<\/h4>\n\n                            <div class=\"vehica-loan-calculator__field\">\n                                <div class=\"vehica-loan-calculator__sign\">\n                                    $                                <\/div>\n\n                                <input\n                                        id=\"vehica-459e4e0-loan-calculator__contribution\"\n                                        type=\"text\"\n                                                                    >\n                            <\/div>\n                        <\/div>\n                    <\/div>\n                <\/div>\n            <input type=\"hidden\" name=\"trp-form-language\" value=\"en\"\/><\/form>\n\n            <div>\n                <div class=\"vehica-loan-calculator__separator\"><\/div>\n\n                <div class=\"vehica-loan-calculator__results--wrapper\">\n                    <div class=\"vehica-loan-calculator__results\">\n                        <div class=\"vehica-loan-calculator__results__col\">\n                            <h3>Monthly Payment<\/h3>\n                            <h4 v-if=\"!props.showResults\">-<\/h4>\n                            <template>\n                                <h4 v-if=\"props.showResults\">{{props.installment}}<\/h4>\n                            <\/template>\n                        <\/div>\n\n                        <div class=\"vehica-loan-calculator__results__col\">\n                            <h3>Total interest<\/h3>\n                            <h4 v-if=\"!props.showResults\">-<\/h4>\n                            <template>\n                                <h4 v-if=\"props.showResults\">{{props.interest}}<\/h4>\n                            <\/template>\n                        <\/div>\n\n                        <div class=\"vehica-loan-calculator__results__col\">\n                            <h3>Total payments<\/h3>\n                            <h4 v-if=\"!props.showResults\">-<\/h4>\n                            <template>\n                                <h4 v-if=\"props.showResults\">\n                                    {{props.total}}\n                                <\/h4>\n                            <\/template>\n                        <\/div>\n                    <\/div>\n                <\/div>\n                                    <div class=\"vehica-loan-calculator__end-text\">\n                        <p class=\"\" data-start=\"646\" data-end=\"766\">This tool is just one <strong>estimate<\/strong>To find out the actual conditions, contact us and we&#039;ll advise you personally.<\/p>                    <\/div>\n                            <\/div>\n        <\/div>\n    <\/vehica-loan-calculator>\n<\/div>\t\t\t\t<\/div>\n\t\t\t\t<\/div>\n\t\t\t\t<div class=\"elementor-element elementor-element-1607bc3 elementor-widget elementor-widget-spacer\" data-id=\"1607bc3\" data-element_type=\"widget\" data-widget_type=\"spacer.default\">\n\t\t\t\t<div class=\"elementor-widget-container\">\n\t\t\t\t\t\t\t<div class=\"elementor-spacer\">\n\t\t\t<div class=\"elementor-spacer-inner\"><\/div>\n\t\t<\/div>\n\t\t\t\t\t\t<\/div>\n\t\t\t\t<\/div>\n\t\t\t\t\t<\/div>\n\t\t<\/div>\n\t\t\t\t\t<\/div>\n\t\t<\/section>\n\t\t\t\t<\/div>","protected":false},"excerpt":{"rendered":"<p>Calculadora de pr\u00e9stamos Usa nuestra calculadora de pr\u00e9stamos para estimar r\u00e1pidamente el monto de tu cuota mensual seg\u00fan el valor del veh\u00edculo, el plazo y la tasa de inter\u00e9s. Precio * Tasa de inter\u00e9s * % Periodo (meses) * Dep\u00f3sito $ Pago Mensual &#8211; {{ props.installment }} Inter\u00e9s total &#8211; {{ props.interest }} Pagos totales &#8211; {{ props.total }} Esta herramienta es solo una estimaci\u00f3n. Para conocer las condiciones reales, cont\u00e1ctanos y te asesoramos personalmente.<\/p>","protected":false},"author":1,"featured_media":0,"parent":0,"menu_order":0,"comment_status":"closed","ping_status":"closed","template":"","meta":{"inline_featured_image":false,"_joinchat":[],"footnotes":""},"class_list":["post-12464","page","type-page","status-publish","hentry"],"_links":{"self":[{"href":"https:\/\/montillamotors.com\/en\/wp-json\/wp\/v2\/pages\/12464","targetHints":{"allow":["GET"]}}],"collection":[{"href":"https:\/\/montillamotors.com\/en\/wp-json\/wp\/v2\/pages"}],"about":[{"href":"https:\/\/montillamotors.com\/en\/wp-json\/wp\/v2\/types\/page"}],"author":[{"embeddable":true,"href":"https:\/\/montillamotors.com\/en\/wp-json\/wp\/v2\/users\/1"}],"replies":[{"embeddable":true,"href":"https:\/\/montillamotors.com\/en\/wp-json\/wp\/v2\/comments?post=12464"}],"version-history":[{"count":10,"href":"https:\/\/montillamotors.com\/en\/wp-json\/wp\/v2\/pages\/12464\/revisions"}],"predecessor-version":[{"id":24047,"href":"https:\/\/montillamotors.com\/en\/wp-json\/wp\/v2\/pages\/12464\/revisions\/24047"}],"wp:attachment":[{"href":"https:\/\/montillamotors.com\/en\/wp-json\/wp\/v2\/media?parent=12464"}],"curies":[{"name":"wp","href":"https:\/\/api.w.org\/{rel}","templated":true}]}}